{"id":1204,"date":"2024-08-31T09:28:50","date_gmt":"2024-08-31T07:28:50","guid":{"rendered":"https:\/\/finascrap.pl\/?post_type=product&#038;p=1204"},"modified":"2026-01-10T19:07:47","modified_gmt":"2026-01-10T18:07:47","slug":"kartka-love","status":"publish","type":"product","link":"https:\/\/finascrap.pl\/?product=kartka-love","title":{"rendered":"Kartka &#8222;Love&#8221;"},"content":{"rendered":"<p>Delikatna warstwowa pami\u0105tka \u015alubu. Kartka zawiera zak\u0142adk\u0119, za kt\u00f3r\u0105 mo\u017cna wsun\u0105\u0107 pieni\u0105dze, bony podarunkowe lub dodatkowe \u017cyczenia.<\/p>\n<p>&nbsp;<\/p>\n<p>&nbsp;<\/p>\n","protected":false},"excerpt":{"rendered":"<p>Kartka \u015blubna DL<\/p>\n<p>Wymiary: ok. 10cm x 21cm<br \/>\nOpakowanie (delikatny kartonik) o wymiarach: ok. 11cm x 22 cm<\/p>\n<p>&nbsp;<\/p>\n","protected":false},"featured_media":1161,"template":"","meta":[],"product_cat":[224],"product_tag":[47,34,35],"class_list":{"0":"post-1204","1":"product","2":"type-product","3":"status-publish","4":"has-post-thumbnail","6":"product_cat-kartki-w-pudelku","7":"product_tag-gratulacje","8":"product_tag-kartka","9":"product_tag-slub","11":"first","12":"instock","13":"sold-individually","14":"shipping-taxable","15":"purchasable","16":"product-type-simple"},"_links":{"self":[{"href":"https:\/\/finascrap.pl\/index.php?rest_route=\/wp\/v2\/product\/1204","targetHints":{"allow":["GET"]}}],"collection":[{"href":"https:\/\/finascrap.pl\/index.php?rest_route=\/wp\/v2\/product"}],"about":[{"href":"https:\/\/finascrap.pl\/index.php?rest_route=\/wp\/v2\/types\/product"}],"wp:featuredmedia":[{"embeddable":true,"href":"https:\/\/finascrap.pl\/index.php?rest_route=\/wp\/v2\/media\/1161"}],"wp:attachment":[{"href":"https:\/\/finascrap.pl\/index.php?rest_route=%2Fwp%2Fv2%2Fmedia&parent=1204"}],"wp:term":[{"taxonomy":"product_cat","embeddable":true,"href":"https:\/\/finascrap.pl\/index.php?rest_route=%2Fwp%2Fv2%2Fproduct_cat&post=1204"},{"taxonomy":"product_tag","embeddable":true,"href":"https:\/\/finascrap.pl\/index.php?rest_route=%2Fwp%2Fv2%2Fproduct_tag&post=1204"}],"curies":[{"name":"wp","href":"https:\/\/api.w.org\/{rel}","templated":true}]}}