{"id":1156,"date":"2024-08-31T09:07:15","date_gmt":"2024-08-31T07:07:15","guid":{"rendered":"https:\/\/finascrap.pl\/?post_type=product&#038;p=1156"},"modified":"2026-01-10T19:11:42","modified_gmt":"2026-01-10T18:11:42","slug":"kartka-pop-up-box-komunia","status":"publish","type":"product","link":"https:\/\/finascrap.pl\/?product=kartka-pop-up-box-komunia","title":{"rendered":"Kartka pop up box &#8222;Komunia&#8221;"},"content":{"rendered":"<p>Kartka w stylu &#8222;pop up box&#8221;. Po jej roz\u0142o\u017ceniu pojawia si\u0119 efekt 3D.<\/p>\n<p>&nbsp;<\/p>\n<p>&nbsp;<\/p>\n","protected":false},"excerpt":{"rendered":"<p>Kartka kwadratowa<\/p>\n<p>Wymiary: 14cm x 14cm<br \/>\nOpakowanie: koperta<\/p>\n","protected":false},"featured_media":1163,"template":"","meta":[],"product_cat":[225],"product_tag":[34,43,208],"class_list":{"0":"post-1156","1":"product","2":"type-product","3":"status-publish","4":"has-post-thumbnail","6":"product_cat-kartki-pop-up-box","7":"product_tag-kartka","8":"product_tag-komunia","9":"product_tag-zdjecia","10":"pa_okladka-bez-personalizacji","11":"pa_okladka-z-personalizacja","12":"pa_wnetrze-puste-miejsce-na-zyczenia","13":"pa_wnetrze-wydrukowany-tekst-przeslany-przez-klienta","15":"first","16":"instock","17":"sold-individually","18":"shipping-taxable","19":"purchasable","20":"product-type-simple"},"_links":{"self":[{"href":"https:\/\/finascrap.pl\/index.php?rest_route=\/wp\/v2\/product\/1156","targetHints":{"allow":["GET"]}}],"collection":[{"href":"https:\/\/finascrap.pl\/index.php?rest_route=\/wp\/v2\/product"}],"about":[{"href":"https:\/\/finascrap.pl\/index.php?rest_route=\/wp\/v2\/types\/product"}],"wp:featuredmedia":[{"embeddable":true,"href":"https:\/\/finascrap.pl\/index.php?rest_route=\/wp\/v2\/media\/1163"}],"wp:attachment":[{"href":"https:\/\/finascrap.pl\/index.php?rest_route=%2Fwp%2Fv2%2Fmedia&parent=1156"}],"wp:term":[{"taxonomy":"product_cat","embeddable":true,"href":"https:\/\/finascrap.pl\/index.php?rest_route=%2Fwp%2Fv2%2Fproduct_cat&post=1156"},{"taxonomy":"product_tag","embeddable":true,"href":"https:\/\/finascrap.pl\/index.php?rest_route=%2Fwp%2Fv2%2Fproduct_tag&post=1156"}],"curies":[{"name":"wp","href":"https:\/\/api.w.org\/{rel}","templated":true}]}}