{"id":1042,"date":"2024-04-02T16:33:27","date_gmt":"2024-04-02T14:33:27","guid":{"rendered":"https:\/\/finascrap.pl\/?post_type=product&#038;p=1042"},"modified":"2026-01-10T19:13:32","modified_gmt":"2026-01-10T18:13:32","slug":"kartka-komunia-dziewczynki","status":"publish","type":"product","link":"https:\/\/finascrap.pl\/?product=kartka-komunia-dziewczynki","title":{"rendered":"Kartka &#8222;Komunia dziewczynki&#8221;"},"content":{"rendered":"<p>Warstwowa kartka, kt\u00f3r\u0105 mo\u017cna wr\u0119czy\u0107 z okazji Pierwszej Komunii \u015awi\u0119tej. W \u015brodku znajduje si\u0119 kieszonka na pieni\u0105dze, bony podarunkowe lub dodatkowe \u017cyczenia.<\/p>\n<p>&nbsp;<\/p>\n","protected":false},"excerpt":{"rendered":"<p>Wymiary: ok. 14cmx14cm<br \/>\nOpakowanie: koperta<\/p>\n","protected":false},"featured_media":1016,"template":"","meta":[],"product_cat":[221],"product_tag":[34,43,211,168],"class_list":{"0":"post-1042","1":"product","2":"type-product","3":"status-publish","4":"has-post-thumbnail","6":"product_cat-kartki-w-kopercie","7":"product_tag-kartka","8":"product_tag-komunia","9":"product_tag-pierwsza-komunia-swieta","10":"product_tag-rekodzielo","11":"pa_okladka-bez-personalizacji","12":"pa_okladka-z-personalizacja","13":"pa_wnetrze-puste-miejsce-na-zyczenia","14":"pa_wnetrze-wydrukowany-tekst-przeslany-przez-klienta","16":"first","17":"instock","18":"sold-individually","19":"shipping-taxable","20":"purchasable","21":"product-type-simple"},"_links":{"self":[{"href":"https:\/\/finascrap.pl\/index.php?rest_route=\/wp\/v2\/product\/1042","targetHints":{"allow":["GET"]}}],"collection":[{"href":"https:\/\/finascrap.pl\/index.php?rest_route=\/wp\/v2\/product"}],"about":[{"href":"https:\/\/finascrap.pl\/index.php?rest_route=\/wp\/v2\/types\/product"}],"wp:featuredmedia":[{"embeddable":true,"href":"https:\/\/finascrap.pl\/index.php?rest_route=\/wp\/v2\/media\/1016"}],"wp:attachment":[{"href":"https:\/\/finascrap.pl\/index.php?rest_route=%2Fwp%2Fv2%2Fmedia&parent=1042"}],"wp:term":[{"taxonomy":"product_cat","embeddable":true,"href":"https:\/\/finascrap.pl\/index.php?rest_route=%2Fwp%2Fv2%2Fproduct_cat&post=1042"},{"taxonomy":"product_tag","embeddable":true,"href":"https:\/\/finascrap.pl\/index.php?rest_route=%2Fwp%2Fv2%2Fproduct_tag&post=1042"}],"curies":[{"name":"wp","href":"https:\/\/api.w.org\/{rel}","templated":true}]}}