{"id":1037,"date":"2024-04-02T16:29:15","date_gmt":"2024-04-02T14:29:15","guid":{"rendered":"https:\/\/finascrap.pl\/?post_type=product&#038;p=1037"},"modified":"2026-01-10T19:14:28","modified_gmt":"2026-01-10T18:14:28","slug":"kartka-pop-up-mlodej-parze","status":"publish","type":"product","link":"https:\/\/finascrap.pl\/?product=kartka-pop-up-mlodej-parze","title":{"rendered":"Kartka pop up box &#8222;M\u0142odej Parze&#8221;"},"content":{"rendered":"<p>Kartka w stylu \u201epop up box\u201d. Po jej roz\u0142o\u017ceniu pojawia si\u0119 efekt 3D.<\/p>\n<p>&nbsp;<\/p>\n","protected":false},"excerpt":{"rendered":"<p>Kartka kwadratowa<\/p>\n<p>Wymiary: 14cm x 14cm<br \/>\nOpakowanie: koperta<\/p>\n","protected":false},"featured_media":1017,"template":"","meta":[],"product_cat":[225],"product_tag":[34,210,35,209,208],"class_list":{"0":"post-1037","1":"product","2":"type-product","3":"status-publish","4":"has-post-thumbnail","6":"product_cat-kartki-pop-up-box","7":"product_tag-kartka","8":"product_tag-mloda-para","9":"product_tag-slub","10":"product_tag-wesele","11":"product_tag-zdjecia","12":"pa_okladka-bez-personalizacji","13":"pa_okladka-z-personalizacja","14":"pa_wnetrze-puste-miejsce-na-zyczenia","15":"pa_wnetrze-wydrukowany-tekst-przeslany-przez-klienta","17":"first","18":"instock","19":"sold-individually","20":"shipping-taxable","21":"purchasable","22":"product-type-simple"},"_links":{"self":[{"href":"https:\/\/finascrap.pl\/index.php?rest_route=\/wp\/v2\/product\/1037","targetHints":{"allow":["GET"]}}],"collection":[{"href":"https:\/\/finascrap.pl\/index.php?rest_route=\/wp\/v2\/product"}],"about":[{"href":"https:\/\/finascrap.pl\/index.php?rest_route=\/wp\/v2\/types\/product"}],"wp:featuredmedia":[{"embeddable":true,"href":"https:\/\/finascrap.pl\/index.php?rest_route=\/wp\/v2\/media\/1017"}],"wp:attachment":[{"href":"https:\/\/finascrap.pl\/index.php?rest_route=%2Fwp%2Fv2%2Fmedia&parent=1037"}],"wp:term":[{"taxonomy":"product_cat","embeddable":true,"href":"https:\/\/finascrap.pl\/index.php?rest_route=%2Fwp%2Fv2%2Fproduct_cat&post=1037"},{"taxonomy":"product_tag","embeddable":true,"href":"https:\/\/finascrap.pl\/index.php?rest_route=%2Fwp%2Fv2%2Fproduct_tag&post=1037"}],"curies":[{"name":"wp","href":"https:\/\/api.w.org\/{rel}","templated":true}]}}