{"id":1032,"date":"2024-04-02T16:21:33","date_gmt":"2024-04-02T14:21:33","guid":{"rendered":"https:\/\/finascrap.pl\/?post_type=product&#038;p=1032"},"modified":"2026-01-10T19:21:13","modified_gmt":"2026-01-10T18:21:13","slug":"kartka-pop-up-urodziny-ksiezniczki","status":"publish","type":"product","link":"https:\/\/finascrap.pl\/?product=kartka-pop-up-urodziny-ksiezniczki","title":{"rendered":"Kartka pop up &#8222;Urodziny ksi\u0119\u017cniczki&#8221;"},"content":{"rendered":"<p>Warstwowa kartka dla dziewczynki zawieraj\u0105ca zak\u0142adk\u0119, za kt\u00f3r\u0105 zmieszcz\u0105 si\u0119 pieni\u0105dze, bony podarunkowe, zdj\u0119cia lub dodatkowe \u017cyczenia.<\/p>\n<p>Wewn\u0105trz znajduje si\u0119 mechanizm z miejscem na 4 miniaturki zdj\u0119\u0107 lub napis.<\/p>\n<p>&nbsp;<\/p>\n","protected":false},"excerpt":{"rendered":"<p>Kartka kwadratowa<\/p>\n<p>Wymiary: 13cm x 13cm<br \/>\nOpakowanie: koperta<\/p>\n","protected":false},"featured_media":1025,"template":"","meta":[],"product_cat":[225],"product_tag":[90,34,45,208],"class_list":{"0":"post-1032","1":"product","2":"type-product","3":"status-publish","4":"has-post-thumbnail","6":"product_cat-kartki-pop-up-box","7":"product_tag-dziecko","8":"product_tag-kartka","9":"product_tag-urodziny","10":"product_tag-zdjecia","11":"pa_okladka-bez-personalizacji","12":"pa_okladka-z-personalizacja","13":"pa_wnetrze-puste-miejsce-na-zyczenia","14":"pa_wnetrze-wydrukowany-tekst-przeslany-przez-klienta","16":"first","17":"instock","18":"sold-individually","19":"shipping-taxable","20":"purchasable","21":"product-type-simple"},"_links":{"self":[{"href":"https:\/\/finascrap.pl\/index.php?rest_route=\/wp\/v2\/product\/1032","targetHints":{"allow":["GET"]}}],"collection":[{"href":"https:\/\/finascrap.pl\/index.php?rest_route=\/wp\/v2\/product"}],"about":[{"href":"https:\/\/finascrap.pl\/index.php?rest_route=\/wp\/v2\/types\/product"}],"wp:featuredmedia":[{"embeddable":true,"href":"https:\/\/finascrap.pl\/index.php?rest_route=\/wp\/v2\/media\/1025"}],"wp:attachment":[{"href":"https:\/\/finascrap.pl\/index.php?rest_route=%2Fwp%2Fv2%2Fmedia&parent=1032"}],"wp:term":[{"taxonomy":"product_cat","embeddable":true,"href":"https:\/\/finascrap.pl\/index.php?rest_route=%2Fwp%2Fv2%2Fproduct_cat&post=1032"},{"taxonomy":"product_tag","embeddable":true,"href":"https:\/\/finascrap.pl\/index.php?rest_route=%2Fwp%2Fv2%2Fproduct_tag&post=1032"}],"curies":[{"name":"wp","href":"https:\/\/api.w.org\/{rel}","templated":true}]}}