{"id":1006,"date":"2024-04-02T16:11:44","date_gmt":"2024-04-02T14:11:44","guid":{"rendered":"https:\/\/finascrap.pl\/?post_type=product&#038;p=1006"},"modified":"2026-01-10T19:27:11","modified_gmt":"2026-01-10T18:27:11","slug":"magnes-na-lodowke-z-mama","status":"publish","type":"product","link":"https:\/\/finascrap.pl\/?product=magnes-na-lodowke-z-mama","title":{"rendered":"Magnes na lod\u00f3wk\u0119 &#8222;Z mam\u0105&#8221;"},"content":{"rendered":"<p>Magnes to doskona\u0142y zamiennik tradycyjnej kartki. Je\u015bli obdarowana osoba umie\u015bci go na lod\u00f3wce, b\u0119dziesz mie\u0107 pewno\u015b\u0107, \u017ce o Tobie nie zapomni.<\/p>\n<p>&nbsp;<\/p>\n","protected":false},"excerpt":{"rendered":"<p>Magnes na lod\u00f3wk\u0119<\/p>\n<p>Wymiary: ok. 7,5 cm x 9,5 cm<br \/>\nOpakowanie:\u00a0 woreczek foliowy<\/p>\n","protected":false},"featured_media":1008,"template":"","meta":[],"product_cat":[223],"product_tag":[50,48,150,168,167,45],"class_list":{"0":"post-1006","1":"product","2":"type-product","3":"status-publish","4":"has-post-thumbnail","6":"product_cat-magnesy","7":"product_tag-dzien-matki","8":"product_tag-magnes","9":"product_tag-prezent","10":"product_tag-rekodzielo","11":"product_tag-upominek","12":"product_tag-urodziny","14":"first","15":"instock","16":"sold-individually","17":"shipping-taxable","18":"purchasable","19":"product-type-simple"},"_links":{"self":[{"href":"https:\/\/finascrap.pl\/index.php?rest_route=\/wp\/v2\/product\/1006","targetHints":{"allow":["GET"]}}],"collection":[{"href":"https:\/\/finascrap.pl\/index.php?rest_route=\/wp\/v2\/product"}],"about":[{"href":"https:\/\/finascrap.pl\/index.php?rest_route=\/wp\/v2\/types\/product"}],"wp:featuredmedia":[{"embeddable":true,"href":"https:\/\/finascrap.pl\/index.php?rest_route=\/wp\/v2\/media\/1008"}],"wp:attachment":[{"href":"https:\/\/finascrap.pl\/index.php?rest_route=%2Fwp%2Fv2%2Fmedia&parent=1006"}],"wp:term":[{"taxonomy":"product_cat","embeddable":true,"href":"https:\/\/finascrap.pl\/index.php?rest_route=%2Fwp%2Fv2%2Fproduct_cat&post=1006"},{"taxonomy":"product_tag","embeddable":true,"href":"https:\/\/finascrap.pl\/index.php?rest_route=%2Fwp%2Fv2%2Fproduct_tag&post=1006"}],"curies":[{"name":"wp","href":"https:\/\/api.w.org\/{rel}","templated":true}]}}