{"id":1003,"date":"2024-03-30T15:36:39","date_gmt":"2024-03-30T14:36:39","guid":{"rendered":"https:\/\/finascrap.pl\/?post_type=product&#038;p=1003"},"modified":"2024-03-30T15:40:02","modified_gmt":"2024-03-30T14:40:02","slug":"meskie-urodziny-01","status":"publish","type":"product","link":"https:\/\/finascrap.pl\/?product=meskie-urodziny-01","title":{"rendered":"M\u0119skie urodziny 01"},"content":{"rendered":"<p>Arkusz A4 zawieraj\u0105cy grafiki do <strong>pobrania<\/strong> i <strong>samodzielnego wydruku<\/strong> (w formie cyfrowej). <strong>Bez produktu fizycznego<\/strong>.<\/p>\n<p>Mo\u017cna go drukowa\u0107 i wykorzystywa\u0107 dowoln\u0105 ilo\u015b\u0107 razy. Nie mo\u017cna go modyfikowa\u0107 i odsprzedawa\u0107. Mo\u017cna za to sprzedawa\u0107 fizyczny produkt, do wykonania kt\u00f3rego u\u017cyto tego arkusza grafik.<\/p>\n<p>&nbsp;<\/p>\n","protected":false},"excerpt":{"rendered":"<p>Po zakupie otrzymasz gotowy do druku plik w formacie png. B\u0119dzie znajdowa\u0142\u00a0si\u0119 w zak\u0142adce \u201eTwoje konto\u201d. Ka\u017cdy zakupiony plik mo\u017cesz pobra\u0107 jeden raz i drukowa\u0107 tyle razy, ile tego potrzebujesz.<\/p>\n","protected":false},"featured_media":1005,"template":"","meta":[],"product_cat":[171],"product_tag":[179,180,206,182,189,49,196,45,207,194],"class_list":{"0":"post-1003","1":"product","2":"type-product","3":"status-publish","4":"has-post-thumbnail","6":"product_cat-grafiki-do-druku-digi","7":"product_tag-digi","8":"product_tag-digital","9":"product_tag-dzien-ojca","10":"product_tag-grafiki","11":"product_tag-grafiki-do-druku","12":"product_tag-imieniny","13":"product_tag-kartki","14":"product_tag-urodziny","15":"product_tag-wieczor-kawalerski","16":"product_tag-zaproszenia","18":"first","19":"instock","20":"downloadable","21":"virtual","22":"sold-individually","23":"purchasable","24":"product-type-simple"},"_links":{"self":[{"href":"https:\/\/finascrap.pl\/index.php?rest_route=\/wp\/v2\/product\/1003","targetHints":{"allow":["GET"]}}],"collection":[{"href":"https:\/\/finascrap.pl\/index.php?rest_route=\/wp\/v2\/product"}],"about":[{"href":"https:\/\/finascrap.pl\/index.php?rest_route=\/wp\/v2\/types\/product"}],"wp:featuredmedia":[{"embeddable":true,"href":"https:\/\/finascrap.pl\/index.php?rest_route=\/wp\/v2\/media\/1005"}],"wp:attachment":[{"href":"https:\/\/finascrap.pl\/index.php?rest_route=%2Fwp%2Fv2%2Fmedia&parent=1003"}],"wp:term":[{"taxonomy":"product_cat","embeddable":true,"href":"https:\/\/finascrap.pl\/index.php?rest_route=%2Fwp%2Fv2%2Fproduct_cat&post=1003"},{"taxonomy":"product_tag","embeddable":true,"href":"https:\/\/finascrap.pl\/index.php?rest_route=%2Fwp%2Fv2%2Fproduct_tag&post=1003"}],"curies":[{"name":"wp","href":"https:\/\/api.w.org\/{rel}","templated":true}]}}