{"id":119,"date":"2023-08-18T12:15:48","date_gmt":"2023-08-18T10:15:48","guid":{"rendered":"https:\/\/finascrap.pl\/?page_id=119"},"modified":"2025-01-24T14:00:20","modified_gmt":"2025-01-24T13:00:20","slug":"regulamin-sklepu","status":"publish","type":"page","link":"https:\/\/finascrap.pl\/?page_id=119","title":{"rendered":"Regulamin"},"content":{"rendered":"\n<p>Regulamin sklepu Fina Scrap<\/p>\n\n\n\n<p>1. <strong>Postanowienia og\u00f3lne<\/strong><\/p>\n\n\n\n<ol style=\"list-style-type:1\" class=\"wp-block-list\">\n<li><\/li>\n<\/ol>\n\n\n\n<p>1.1.Niniejszy regulamin okre\u015bla zasady sprzeda\u017cy produkt\u00f3w oferowanych przez sklep internetowy prowadzony pod adresem internetowym <a href=\"https:\/\/finascrap.pl\/\">https:\/\/finascrap.pl\/<\/a>.<\/p>\n\n\n\n<p>1.2.Sklep internetowy jest prowadzony przez Ew\u0119 Furga\u0142\u0119 prowadz\u0105c\u0105 dzia\u0142alno\u015b\u0107 nierejestrowan\u0105 (nierejestrow\u0105), o kt\u00f3rej mowa w art. 5 ust. 1 ustawy z dnia 6 marca 2018 roku Prawo Przedsi\u0119biorc\u00f3w (Dz.U. z 2019 r. poz. 1929).<\/p>\n\n\n\n<p>1.3. Dane teleadresowe przedsi\u0119biorcy:<\/p>\n\n\n\n<p>1) adres pocztowy: ul. Ksi\u0119\u017cnej Urszuli Lubomirskiej 2, 36-060 G\u0142og\u00f3w Ma\u0142opolski.&nbsp;<\/p>\n\n\n\n<p>2) adres e-mail: finascrap@gmail.com<\/p>\n\n\n\n<p>1.4.Niniejszy regulamin jest udost\u0119pniany Klientowi przed dokonaniem zakupu i stanowi umow\u0119 mi\u0119dzy sprzedawc\u0105 a Klientem. Regulamin jest umieszczony nieprzerwanie na stronie internetowej&nbsp;<a href=\"https:\/\/finascrap.pl\">https:\/\/finascrap.pl<\/a>.<\/p>\n\n\n\n<p><strong>2. Zasady sk\u0142adania zam\u00f3wie\u0144<\/strong><\/p>\n\n\n\n<p>2.1.Zam\u00f3wienia mo\u017cna sk\u0142ada\u0107 przez sklep internetowy.<\/p>\n\n\n\n<p>2.2. Sk\u0142adaj\u0105c zam\u00f3wienie, Klient wyra\u017ca zgod\u0119 na przetwarzanie swoich danych osobowych w celu realizacji zam\u00f3wienia.<\/p>\n\n\n\n<p>2.3. Sklep internetowy zastrzega sobie prawo do odmowy realizacji zam\u00f3wienia w przypadku braku produkt\u00f3w w magazynie lub w przypadku w\u0105tpliwo\u015bci co do autentyczno\u015bci zam\u00f3wienia.<\/p>\n\n\n\n<p>2.4. Klient podczas sk\u0142adania zam\u00f3wienia jest zobowi\u0105zany do&nbsp;podania prawid\u0142owych danych osobowych: imienia i nazwiska,&nbsp;adresu zamieszkania, adresu e-mail oraz numeru telefonu kom\u00f3rkowego.<br><br>2.5. Po otrzymaniu zam\u00f3wienia, sprzedawca potwierdza jego&nbsp;otrzymanie oraz jednocze\u015bnie informuje o przyj\u0119ciu zam\u00f3wienia&nbsp;do realizacji. Potwierdzenie zam\u00f3wienie odbywa si\u0119 poprzez&nbsp;przes\u0142anie przez sprzedaj\u0105cego do Klienta odpowiedniej&nbsp;wiadomo\u015bci mailowej na adres podany w formularzu&nbsp;zam\u00f3wienia. Z chwil\u0105 potwierdzenia przyj\u0119cia zam\u00f3wienia do&nbsp;realizacji przez sprzedaj\u0105cego, umowa uwa\u017cana jest za zawart\u0105.<\/p>\n\n\n\n<p>2.6. Je\u017celi Klient wybierze opcj\u0119 zakupu z w\u0142asnym tekstem wewn\u0105trz produktu lub na ok\u0142adce (personalizacj\u0105), przesy\u0142a do sprzedawcy w\u0142asny tekst, za tre\u015b\u0107 kt\u00f3rego nie odpowiada sprzedawca.<\/p>\n\n\n\n<p>2.7. Zdj\u0119cia prezentowane na stronie sklepu odzwierciedlaj\u0105 rzeczywisty&nbsp;<em>kolor produktu<\/em>&nbsp;ale&nbsp;<em>mo\u017ce<\/em>&nbsp;si\u0119 on&nbsp;<em>r\u00f3\u017cni\u0107<\/em>&nbsp;w zale\u017cno\u015bci od parametr\u00f3w technicznych urz\u0105dze\u0144 elektronicznych.<\/p>\n\n\n\n<p>2.8. Wszystkie produkty znajduj\u0105ce si\u0119 w sklepie nie s\u0105 przeznaczone do spo\u017cycia.<\/p>\n\n\n\n<p>2.9. Wszystkie produkty znajduj\u0105ce si\u0119 w sklepie nie s\u0105 przeznaczone dla dzieci poni\u017cej 3 roku \u017cycia. Dzieci powy\u017cej 3 roku \u017cycia mog\u0105 korzysta\u0107 z produkt\u00f3w (w szczeg\u00f3lno\u015bci zestaw\u00f3w kreatywnych i ich cz\u0119\u015bci) tylko pod opiek\u0105 doros\u0142ych os\u00f3b. W sklepie mo\u017cna naby\u0107 drobne przedmioty, kt\u00f3re nios\u0105 ryzyko zad\u0142awienia przez dzieci.<\/p>\n\n\n\n<p>Wszystkie przedmioty znajduj\u0105ce si\u0119 w sklepie:<\/p>\n\n\n\n<ul class=\"wp-block-list\">\n<li>s\u0105 produktami dekoracyjnymi,<\/li>\n\n\n\n<li>nie s\u0105 przeznaczone dla dzieci poni\u017cej 3 lat, <\/li>\n\n\n\n<li>s\u0105 produktami \u0142atwopalnymi, <\/li>\n\n\n\n<li>s\u0105 wykonane z materia\u0142\u00f3w nieodpornych na dzia\u0142anie wilgoci,<\/li>\n\n\n\n<li> s\u0105 podatne na negatywne dzia\u0142anie promieni s\u0142onecznych.<\/li>\n<\/ul>\n\n\n\n<p>2.10. Grafiki do samodzielnego wydruku (digital) to arkusze w formie cyfrowej do pobrania. <\/p>\n\n\n\n<p>1) Po zakupie Klient otrzymuje gotowy do druku plik w formacie png.<\/p>\n\n\n\n<p>2) Produkty s\u0105 do u\u017cytku wy\u0142\u0105cznie Kupuj\u0105cego. Niedozwolone s\u0105 odsprzeda\u017c i udost\u0119pnianie plik\u00f3w innym osobom.<\/p>\n\n\n\n<p>3) Wydrukowane produkty Kupuj\u0105cy mo\u017ce wykorzysta\u0107 w pracach scrapbookingpwych dowoln\u0105 ilo\u015b\u0107 razy.<\/p>\n\n\n\n<p>4) Grafiki oraz arkusze tworzone s\u0105 przy pomocy program\u00f3w graficznych oraz AI.<br><br>5) Mo\u017cna sprzedawa\u0107 produkty fizyczne, do kt\u00f3rych wykorzystano grafiki.<br><br>6) Produkty mog\u0105 stanowi\u0107 utwory w rozumieniu ustawy z dnia 4 lutego 1994 r. o prawie autorskim i prawach pokrewnych, do kt\u00f3rych prawa autorskie przys\u0142uguj\u0105 Sprzedawcy lub innym podmiotom uprawnionym.<\/p>\n\n\n\n<p>7) Wykorzystanie produkt\u00f3w obj\u0119tych prawami autorskimi lub<br>korzystanie z baz danych przez Kupuj\u0105cego bez zgody Sprzedawcy w inny ni\u017c przewidziany w regulaminie spos\u00f3b stanowi naruszenie praw w\u0142asno\u015bci intelektualnej i mo\u017ce skutkowa\u0107 odpowiedzialno\u015bci\u0105 cywiln\u0105 lub karn\u0105.<\/p>\n\n\n\n<p><strong>3. P\u0142atno\u015bci<\/strong><\/p>\n\n\n\n<p>3.1. Ceny wszystkich oferowanych przez Sklep towar\u00f3w i us\u0142ug s\u0105&nbsp;cenami brutto oraz s\u0105 wyra\u017cone w&nbsp;z\u0142otych polskich.&nbsp;<\/p>\n\n\n\n<p>3.2. Po otrzymaniu potwierdzenia zam\u00f3wienia, Klient zobowi\u0105zany jest do dokonania p\u0142atno\u015bci w ci\u0105gu 3 dni roboczych. W przypadku braku p\u0142atno\u015bci, zam\u00f3wienie zostanie anulowane.<\/p>\n\n\n\n<p>3.3. Sprzedawca u\u017cywa kod\u00f3w rabatowych&nbsp;upowa\u017cniaj\u0105cych do zakup\u00f3w towar\u00f3w z rabatem&nbsp;zamieszczonym na kuponie. Kody rabatowe nie podlegaj\u0105&nbsp;zamianie na r\u00f3wnowarto\u015b\u0107 pieni\u0119\u017cn\u0105.<\/p>\n\n\n\n<p>3.4. Do z\u0142o\u017cenia zam\u00f3wienia w sklepie internetowym&nbsp;<a href=\"https:\/\/finascrap.pl\">https:\/\/finascrap.pl<\/a> konieczna jest akceptacja niniejszego Regulaminu.<\/p>\n\n\n\n<p><strong>4. Dostawa<\/strong><\/p>\n\n\n\n<p>4.1. Wysy\u0142ka produkt\u00f3w jest realizowana w ci\u0105gu 3-5 dni roboczych od momentu potwierdzenia zam\u00f3wienia i wp\u0142yni\u0119cia p\u0142atno\u015bci.<\/p>\n\n\n\n<p><br>4.2. Je\u017celi Klient wybierze produkt personalizowany lub zdecyduje si\u0119 na w\u0142asny tekst w produkcie, termin realizacji zam\u00f3wienia mo\u017ce zosta\u0107 wyd\u0142u\u017cony. W takiej sytuacji termin realizacji zlecenia jest liczony od momentu zatwierdzenia przez Klienta projektu.<\/p>\n\n\n\n<p>4.2. Koszty wysy\u0142ki s\u0105 naliczane zgodnie z cennikiem.<\/p>\n\n\n\n<p>4.3. Zam\u00f3wione towary s\u0105 dostarczane wy\u0142\u0105cznie na terytorium&nbsp;Rzeczypospolitej Polskiej pod adres wskazany&nbsp;przez Klienta w formularzu zam\u00f3wienia.<\/p>\n\n\n\n<p>4.4. Koszty dostarczenia towaru, kt\u00f3re opr\u00f3cz ceny za towar&nbsp;ponosi Klient, s\u0105 podawane na stronie internetowej sklepu przy&nbsp;sk\u0142adaniu zam\u00f3wienia.<\/p>\n\n\n\n<p>4.5. Koszt dostawy towaru w przypadku wyboru p\u0142atno\u015bci za&nbsp;pobraniem w ca\u0142o\u015bci pokrywa Klient.<\/p>\n\n\n\n<p>4.6. Klient mo\u017ce r\u00f3wnie\u017c odebra\u0107 zam\u00f3wiony towar osobi\u015bcie. W przypadku&nbsp;odbioru osobistego Kupuj\u0105cy nie ponosi koszt\u00f3w dowozu towaru. Termin odbioru nale\u017cy uzgodni\u0107 indywidualnie.<br><\/p>\n\n\n\n<p><strong>5. Reklamacje<\/strong><\/p>\n\n\n\n<p>5.1. Klient ma prawo do reklamacji produktu w przypadku wadliwo\u015bci lub niezgodno\u015bci z zam\u00f3wieniem.<\/p>\n\n\n\n<p>5.2. Podstawa i zakres odpowiedzialno\u015bci Sprzedawcy wobec&nbsp;Klienta, z tytu\u0142u niezgodno\u015bci Produktu z Umow\u0105 s\u0105 okre\u015blone&nbsp;powszechnie obowi\u0105zuj\u0105cymi przepisami prawa oraz poni\u017cszymi&nbsp;postanowieniami Regulaminu.<\/p>\n\n\n\n<p>5.3. W przypadku stwierdzenia uszkodze\u0144 mechanicznych&nbsp;powsta\u0142ych podczas dostawy lub w przypadku skierowania&nbsp;reklamacji do Sprzedaj\u0105cego, Kupuj\u0105cy powinien przes\u0142a\u0107&nbsp;informacje o tym fakcie listownie lub poprzez e-mail na adres. W&nbsp;zg\u0142oszeniu zaleca si\u0119 wskaza\u0107 wad\u0119, jak\u0105 zdaniem Klienta towar&nbsp;posiada, oraz je\u017celi jest to mo\u017cliwe \u2013 udokumentowa\u0107 rzeczon\u0105&nbsp;wad\u0119, dat\u0119 wyst\u0105pienia wady, \u017c\u0105danie sposobu doprowadzenia&nbsp;do zgodno\u015bci towaru z umow\u0105 zgodnie z art. 560 i nast. Kodeksu&nbsp;Cywilnego oraz podanie danych kontaktowych.<br><\/p>\n\n\n\n<p>5.4.Reklamacj\u0119 nale\u017cy zg\u0142osi\u0107 drog\u0105 elektroniczn\u0105 na adres e-mail sklepu internetowego, w ci\u0105gu 14 dni od otrzymania produktu.<\/p>\n\n\n\n<p>5.5. Sprzedawca w terminie 14 dni od otrzymania zg\u0142oszenia&nbsp;ustosunkuje si\u0119 do zg\u0142oszenia. Brak ustosunkowania si\u0119&nbsp;Sprzedawcy w powy\u017cszym terminie oznacza, \u017ce Sprzedawca&nbsp;uzna\u0142 reklamacj\u0119 za uzasadnion\u0105.<\/p>\n\n\n\n<p><strong>6. Odst\u0105pienie od umowy<\/strong><\/p>\n\n\n\n<p>6.1. Kupuj\u0105cy, kt\u00f3ry zawar\u0142 umow\u0119 na odleg\u0142o\u015b\u0107 lub poza&nbsp;lokalem przedsi\u0119biorstwa, ma prawo odst\u0105pi\u0107 od zawartej&nbsp;umowy sprzeda\u017cy w terminie 14 dni od daty wydania mu towaru&nbsp;bez podania przyczyny.<br><br>6.2. Odst\u0105pienie od umowy wymaga z\u0142o\u017cenia pisemnego o\u015bwiadczenia na adres sklepu internetowego, kt\u00f3re&nbsp;mo\u017ce zosta\u0107 wys\u0142ane poczt\u0105 na adres sklepu. Mo\u017cna to tak\u017ce&nbsp;zrobi\u0107 drog\u0105 elektroniczn\u0105. O\u015bwiadczenie o odst\u0105pieniu z\u0142o\u017cone po terminie, o kt\u00f3rym mowa&nbsp;w pkt. 6.1 nie wywo\u0142uje skutk\u00f3w prawnych.<br><br>6.3. Koszt zwrotu towaru, za wyj\u0105tkiem sytuacji, o kt\u00f3rej mowa w&nbsp;art. 33 (tj. w sytuacji dodatkowych koszt\u00f3w wynikaj\u0105cych z&nbsp;wybranego przez Konsumenta lub Przedsi\u0119biorc\u0119 na prawach&nbsp;konsumenta, sposobu dostawy innego ni\u017c najta\u0144szy zwyk\u0142y&nbsp;spos\u00f3b dostawy dost\u0119pny w Sklepie Internetowym) i art. 34 ust. 2&nbsp;ustawy z 30.5.2014 r. \u2013 o prawach konsumenta, ponosi&nbsp;Sprzedawca.<br><br>6.4. Kupuj\u0105cy ma obowi\u0105zek nale\u017cycie zabezpieczy\u0107 odsy\u0142any&nbsp;towar tak, aby zapobiec jego uszkodzeniu w transporcie&nbsp;(bezpo\u015bredni koszt zwrotu rzeczy \u2013 zgodnie z art. 34 ust. 2&nbsp;ustawy z 30.5.2014 r. \u2013 o prawach konsumenta (t.j. Dz.U. z 2017 r.&nbsp;poz. 683). Konsument lub Przedsi\u0119biorca na prawach&nbsp;konsumenta ponosi bezpo\u015brednie koszty zwrotu towaru.<br><br>6.5.Konsument lub Przedsi\u0119biorca na prawach konsumenta&nbsp;zobowi\u0105zany jest do dokonania zwrotu rzeczy niezw\u0142ocznie,&nbsp;jednak nie p\u00f3\u017aniej ni\u017c w terminie 14 dni od daty, w kt\u00f3rej odst\u0105pi\u0142&nbsp;od umowy.<br><br>6.6.Je\u017celi dostarczony towar jest niekompletny, b\u0105d\u017a nosi \u015blady&nbsp;u\u017cytkowania,&nbsp;Sprzedawca zastrzega sobie prawo do odmowy przyj\u0119cia&nbsp;przesy\u0142ki lub do obni\u017cenia zwracanej kwoty o r\u00f3wnowarto\u015b\u0107&nbsp;towaru uszkodzonego.<br><br>6.7. W przypadku odst\u0105pienia od umowy wszystkie dokonane&nbsp;przez Kupuj\u0105cego p\u0142atno\u015bci, w tym koszty dostarczenia, zostan\u0105&nbsp;przekazane na rachunek bankowy Kupuj\u0105cego niezw\u0142ocznie, nie p\u00f3\u017aniej jednak ni\u017c w terminie 14 dni od dnia otrzymania przez&nbsp;Sprzedaj\u0105cego o\u015bwiadczenia Kupuj\u0105cego o odst\u0105pieniu od&nbsp;umowy.<br><br>6.8. Sprzedawca o\u015bwiadcza, i\u017c zwrot p\u0142atno\u015bci, o kt\u00f3rym mowa&nbsp;w \u00a7 7 pkt 7.9 Regulaminu zostanie zrealizowany przy u\u017cyciu&nbsp;takiego samego sposobu zap\u0142aty, jakiego u\u017cy\u0142 Kupuj\u0105cy.&nbsp;Sprzedawca w porozumieniu z Kupuj\u0105cym, mo\u017ce ustali\u0107 inny&nbsp;spos\u00f3b zwrotu, kt\u00f3ry nie b\u0119dzie wi\u0105za\u0142 si\u0119 z konieczno\u015bci\u0105&nbsp;poniesienia przez Kupuj\u0105cego dodatkowych koszt\u00f3w.<br><br>6.9. Sprzedawca o\u015bwiadcza, \u017ce prawo do odst\u0105pienia nie&nbsp;przys\u0142uguje w odniesieniu do um\u00f3w uj\u0119tych w art. 38 ustawy z&nbsp;30.5.2014 r. \u2013 o prawach konsumenta.<br><br>6.10. Zawieraj\u0105c umow\u0119 Konsument lub Przedsi\u0119biorca na&nbsp;prawach konsumenta potwierdza, i\u017c zapozna\u0142 si\u0119 z tre\u015bci\u0105&nbsp;niniejszego regulaminu, w tym potwierdza, i\u017c zosta\u0142&nbsp;zawiadomiony o prawie odst\u0105pienia od zawartej umowy&nbsp;sprzeda\u017cy w terminie 14 dni od daty wydania mu towaru.<br><\/p>\n\n\n\n<p><strong>7. Definicje<\/strong><\/p>\n\n\n\n<p>Poj\u0119cia, kt\u00f3rymi pos\u0142uguje si\u0119 niniejszy regulamin:<\/p>\n\n\n\n<p>7.1. <strong>Klient\/Kupuj\u0105cy<\/strong>&nbsp;\u2013 osoba fizyczna, osoba prawna lub&nbsp;jednostka organizacyjna nieb\u0119d\u0105ca osob\u0105 prawn\u0105, kt\u00f3rej&nbsp;przepisy szczeg\u00f3lne przyznaj\u0105 zdolno\u015b\u0107 prawn\u0105,<br>kt\u00f3ra dokonuje&nbsp;lub planuje dokona\u0107 Zam\u00f3wienia w ramach Sklepu&nbsp;Internetowego z wykorzystaniem drogi elektronicznej, w tym&nbsp;r\u00f3wnie\u017c Konsumenta, Przedsi\u0119biorc\u0119<br>na prawach konsumenta&nbsp;oraz Przedsi\u0119biorc\u0119.<\/p>\n\n\n\n<p>7.2.&nbsp;<strong>Kodeks cywilny<\/strong>&nbsp;\u2013 ustawa z dnia 23 Kwietnia 1964r.&nbsp;(Dz.U.2020.1740).<\/p>\n\n\n\n<p>7.3.&nbsp;<strong>Konsument<\/strong>&nbsp;\u2013 jest ni\u0105 osoba fizyczna w rozumieniu art. 221&nbsp;Kodeksu cywilnego.<\/p>\n\n\n\n<p><br>7.4.&nbsp;<strong>Przedsi\u0119biorca<\/strong>&nbsp;&#8211; oznacza osob\u0119 fizyczn\u0105, osob\u0119 prawn\u0105 lub&nbsp;jednostk\u0119 organizacyjn\u0105 nieb\u0119d\u0105c\u0105 osob\u0105 prawn\u0105, kt\u00f3rej ustawa&nbsp;przyznaje zdolno\u015b\u0107 prawn\u0105, prowadz\u0105c\u0105<br>we w\u0142asnym imieniu&nbsp;dzia\u0142alno\u015b\u0107 gospodarcz\u0105 lub zawodow\u0105 i dokonuj\u0105c\u0105 czynno\u015bci&nbsp;prawnej zwi\u0105zanej bezpo\u015brednio z jej dzia\u0142alno\u015bci\u0105 gospodarcz\u0105&nbsp;lub zawodow\u0105.<br><br>7.5.&nbsp;<strong>Przedsi\u0119biorca na prawach konsumenta<\/strong>&nbsp;\u2013 jest ni\u0105 osoba&nbsp;fizyczna zawieraj\u0105ca umow\u0119 bezpo\u015brednio zwi\u0105zan\u0105 z jej&nbsp;dzia\u0142alno\u015bci\u0105 gospodarcz\u0105, gdy z tre\u015bci<br>tej umowy wynika, \u017ce nie&nbsp;posiada ona dla tej osoby charakteru zawodowego, wynikaj\u0105cego&nbsp;w szczeg\u00f3lno\u015bci z przedmiotu wykonywanej przez ni\u0105&nbsp;dzia\u0142alno\u015bci gospodarczej,<br>udost\u0119pnionego na podstawie&nbsp;przepis\u00f3w o Centralnej Ewidencji i Informacji o Dzia\u0142alno\u015bci&nbsp;Gospodarczej.<\/p>\n\n\n\n<p>7.6.&nbsp;<strong>Regulamin<\/strong>&nbsp;\u2013 niniejszy regulamin \u015bwiadczenia us\u0142ug drog\u0105&nbsp;elektroniczn\u0105 w rozumieniu art. 8 ustawy o \u015bwiadczeniu us\u0142ug&nbsp;drog\u0105 elektroniczn\u0105 z dnia 18 lipca 2002 r. (Dz.U.2020.344).<\/p>\n\n\n\n<p>7.7.&nbsp;<strong>Sklep internetowy<\/strong>&nbsp;\u2013 sklep internetowy prowadzony pod&nbsp;adresem finascrap.pl.<\/p>\n\n\n\n<p>7.8. Termin realizacji \u2013 podana na stronie liczba dni lub godzin, w ci\u0105gu kt\u00f3rej nast\u0105pi wysy\u0142ka produktu. Termin realizacji dotyczy tylko terenu Polski. 11.<\/p>\n\n\n\n<p>7.9.&nbsp;<strong>Towary oraz Us\u0142ugi<\/strong>&nbsp;\u2013 wszelkie us\u0142ugi \u015bwiadczone oraz&nbsp;towary b\u0119d\u0105ce przedmiotem umowy sprzeda\u017cy mi\u0119dzy&nbsp;sprzedawc\u0105 a kupuj\u0105cym.<br><br>7.10.&nbsp;<strong>Us\u0142ugodawca\/Sprzedawca<\/strong>&nbsp;\u2013 Ewa Furga\u0142a.<\/p>\n\n\n\n<p>7.11.&nbsp;<strong>Ustawa o prawach konsumenta<\/strong>&nbsp;&#8211; ustawa z dnia 30 maja 2014&nbsp;r. o prawach konsumenta (Dz.U.2020.287).<br><br>7.12.&nbsp;<strong>Zam\u00f3wienie<\/strong>&nbsp;\u2013 o\u015bwiadczenie woli Kupuj\u0105cego, kt\u00f3re zosta\u0142o z\u0142o\u017cone za po\u015brednictwem sklepu, okre\u015blaj\u0105ce rodzaj i liczb\u0119 produkt\u00f3w, spos\u00f3b dostawy, rodzaj p\u0142atno\u015bci oraz dane Kupuj\u0105cego, zmierzaj\u0105ce do zawarcia umowy pomi\u0119dzy Kupuj\u0105cym i Sprzedaj\u0105cym.<\/p>\n\n\n\n<p>7.13 <strong>Grafiki do samodzielnego wydruku (digital) <\/strong>&#8211; arkusze w formie cyfrowej do pobrania w formie png. Towar oferowany przez Sprzedawc\u0119 zawieraj\u0105cy Tre\u015b\u0107 Cyfrow\u0105 lub Us\u0142ug\u0119 Cyfrow\u0105.<\/p>\n\n\n\n<p><\/p>\n\n\n\n<p><\/p>\n\n\n\n<p><\/p>\n\n\n\n<p><\/p>\n\n\n\n<p><\/p>\n\n\n\n<p><\/p>\n\n\n\n<p><\/p>\n\n\n\n<p><\/p>\n\n\n\n<p><\/p>\n\n\n\n<p><\/p>\n\n\n\n<p><\/p>\n\n\n\n<p><\/p>\n\n\n\n<p><\/p>\n\n\n\n<p><\/p>\n\n\n\n<p><\/p>\n\n\n\n<p><\/p>\n\n\n\n<p><\/p>\n\n\n\n<p><\/p>\n\n\n\n<p><\/p>\n\n\n\n<p><\/p>\n\n\n\n<p><\/p>\n\n\n\n<p><\/p>\n\n\n\n<p><\/p>\n","protected":false},"excerpt":{"rendered":"<p>Regulamin sklepu Fina Scrap 1. Postanowienia og\u00f3lne 1.1.Niniejszy regulamin okre\u015bla zasady sprzeda\u017cy produkt\u00f3w oferowanych przez sklep internetowy prowadzony pod adresem internetowym https:\/\/finascrap.pl\/. 1.2.Sklep internetowy jest prowadzony przez Ew\u0119 Furga\u0142\u0119 prowadz\u0105c\u0105 dzia\u0142alno\u015b\u0107 nierejestrowan\u0105 (nierejestrow\u0105), o kt\u00f3rej mowa w art. 5 ust. 1 ustawy z dnia 6 marca 2018 roku Prawo Przedsi\u0119biorc\u00f3w (Dz.U. z 2019 r. poz. &hellip; <\/p>\n<p class=\"link-more\"><a href=\"https:\/\/finascrap.pl\/?page_id=119\" class=\"more-link\">Czytaj dalej<span class=\"screen-reader-text\"> \u201eRegulamin\u201d<\/span><\/a><\/p>\n","protected":false},"author":1,"featured_media":0,"parent":0,"menu_order":0,"comment_status":"closed","ping_status":"closed","template":"","meta":{"footnotes":""},"class_list":["post-119","page","type-page","status-publish","hentry"],"_links":{"self":[{"href":"https:\/\/finascrap.pl\/index.php?rest_route=\/wp\/v2\/pages\/119","targetHints":{"allow":["GET"]}}],"collection":[{"href":"https:\/\/finascrap.pl\/index.php?rest_route=\/wp\/v2\/pages"}],"about":[{"href":"https:\/\/finascrap.pl\/index.php?rest_route=\/wp\/v2\/types\/page"}],"author":[{"embeddable":true,"href":"https:\/\/finascrap.pl\/index.php?rest_route=\/wp\/v2\/users\/1"}],"replies":[{"embeddable":true,"href":"https:\/\/finascrap.pl\/index.php?rest_route=%2Fwp%2Fv2%2Fcomments&post=119"}],"version-history":[{"count":14,"href":"https:\/\/finascrap.pl\/index.php?rest_route=\/wp\/v2\/pages\/119\/revisions"}],"predecessor-version":[{"id":1258,"href":"https:\/\/finascrap.pl\/index.php?rest_route=\/wp\/v2\/pages\/119\/revisions\/1258"}],"wp:attachment":[{"href":"https:\/\/finascrap.pl\/index.php?rest_route=%2Fwp%2Fv2%2Fmedia&parent=119"}],"curies":[{"name":"wp","href":"https:\/\/api.w.org\/{rel}","templated":true}]}}